{"id":2,"date":"2012-10-25T02:55:30","date_gmt":"2012-10-25T02:55:30","guid":{"rendered":"http:\/\/artemoc.scicog.fr\/?page_id=2"},"modified":"2018-01-29T23:36:09","modified_gmt":"2018-01-29T23:36:09","slug":"sample-page","status":"publish","type":"page","link":"https:\/\/artemoc.scicog.fr\/","title":{"rendered":"Bienvenue sur la page de l&#8217;ARTEMOC"},"content":{"rendered":"<p style=\"text-align: center;\"><img data-attachment-id=\"80\" data-permalink=\"https:\/\/artemoc.scicog.fr\/?attachment_id=80\" data-orig-file=\"https:\/\/i1.wp.com\/artemoc.scicog.fr\/wp-content\/uploads\/2012\/10\/romanesco.png?fit=%2C&amp;ssl=1\" data-orig-size=\"\" data-comments-opened=\"1\" data-image-meta=\"[]\" data-image-title=\"Banni\u00e8re d&#8217;accueil\" data-image-description=\"\" data-medium-file=\"https:\/\/i1.wp.com\/artemoc.scicog.fr\/wp-content\/uploads\/2012\/10\/romanesco.png?fit=300%2C300&amp;ssl=1\" data-large-file=\"https:\/\/i1.wp.com\/artemoc.scicog.fr\/wp-content\/uploads\/2012\/10\/romanesco.png?fit=1024%2C1024&amp;ssl=1\" loading=\"lazy\" class=\"aligncenter wp-image-80\" title=\"Banni\u00e8re d'accueil\" src=\"https:\/\/i1.wp.com\/artemoc.scicog.fr\/wp-content\/uploads\/2012\/10\/romanesco.png?resize=940%2C173\" alt=\"\" width=\"940\" height=\"173\" data-recalc-dims=\"1\" \/><\/p>\n<div style=\"font-size: 18px;\">\n<p>Les \u00e9tats modifi\u00e9s de conscience (EMCs) ont depuis longtemps intrigu\u00e9 philosophes, chercheurs en sciences sociales et scientifiques. La connaissance que nous avons aujourd\u2019hui de ces \u00e9tats reste pourtant tr\u00e8s lacunaire et beaucoup des \u00e9tudes et des th\u00e9ories qui leur sont consacr\u00e9es sont m\u00e9thodologiquement insatisfaisantes et versent souvent dans le paranormal et le surnaturel. Une \u00e9tude syst\u00e9matique, scientifique et naturaliste des EMCs demande donc \u00e0 \u00eatre d\u00e9velopp\u00e9e.<\/p>\n<p>C\u2019est dans ce contexte qu\u2019\u00e0 partir de f\u00e9vrier 2006, une s\u00e9rie d\u2019\u00e9v\u00e9nements acad\u00e9miques autour des EMCs se sont tenus \u00e0 Paris\u00a0: s\u00e9minaires, ateliers, colloques et journ\u00e9es d\u2019\u00e9tudes. Ces manifestations, de port\u00e9e parfois internationale, ont toujours \u00e9t\u00e9 organis\u00e9es avec le souci de la transdisciplinarit\u00e9. Le succ\u00e8s grandissant de ces manifestations a permis d\u2019\u00e9tablir clairement l\u2019int\u00e9r\u00eat suscit\u00e9 par l\u2019\u00e9tude des EMCs dans un cadre universitaire.<\/p>\n<p>C\u2019est pourquoi, en 2009, une association loi 1901 a \u00e9t\u00e9 cr\u00e9\u00e9e par Guillaume Dumas, Juan Gonz\u00e1lez et Alexandre Lehmann. Ce groupe de recherche prit pour nom l\u2019ARTHEMOC (Association de Recherche Transdisciplinaire sur les Hallucinations et autres \u00c9tats Modifi\u00e9s de Conscience) avant de devenir l\u2019ARTEMOC. Son but a \u00e9t\u00e9 de porter un regard transdisciplinaire, critique et rigoureux sur les ph\u00e9nom\u00e8nes de modification de la conscience et de la cognition.<\/p>\n<p>Dans le cadre de l\u2019initiative <a href=\"http:\/\/pirstec.scicog.fr\">PIRSTEC<\/a> (Prospective Interdisciplinaire en R\u00e9seau pour les Sciences et TEchnologies Cognitives) de l\u2019Agence Nationale de la Recherche (ANR), l\u2019ARTEMOC a eu en 2009 l\u2019opportunit\u00e9 de r\u00e9diger un rapport r\u00e9alisant un \u00e9tat de l\u2019art sur la question des EMCs (voir <a href=\"http:\/\/artemoc.scicog.fr\/wp-content\/uploads\/ressources\/Rapport_PIRSTEC.pdf\">rapport<\/a>). Par ailleurs, suite \u00e0 l\u2019organisation du colloque de 2015 \u00e0 l\u2019Ecole Normale Sup\u00e9rieure et \u00e0 l\u2019Institut Pasteur, Guillaume Dumas, Martin Fortier et Juan Gonz\u00e1lez ont dirig\u00e9 un num\u00e9ro sp\u00e9cial de la revue <em>Intellectica<\/em> proposant pour la premi\u00e8re fois en fran\u00e7ais une vaste somme transdisciplinaire sur la diversit\u00e9 des EMCs (voir <a href=\"http:\/\/intellectica.org\/fr\/numeros\/les-etats-modifies-de-conscience-en-question-anciennes-limites-et-nouvelles-approches\">num\u00e9ro<\/a>).<\/p>\n<p>En 2016, nous avons fait le choix de transformer l\u2019ARTEMOC en ALIUS. Ce nouveau groupe de recherche travaille d\u00e9sormais en langue anglaise ce qui a permis d\u2019accueillir de nombreux chercheurs anglophones et de donner une dimension internationale au programme de recherche naturaliste sur les EMCs dont nous sommes porteurs. ALIUS a d\u00e9j\u00e0 organis\u00e9 plusieurs \u00e9v\u00e9nements \u00e0 travers le monde (voir les <a href=\"https:\/\/www.aliusresearch.org\/events.html\">\u00e9v\u00e9nements<\/a>) et il publie chaque ann\u00e9e l\u2019<em>ALIUS Bulletin<\/em>, une revue comprenant des entretiens avec quelques-uns des plus \u00e9minents chercheurs s\u2019int\u00e9ressant aux EMCs (voir le <a href=\"https:\/\/www.aliusresearch.org\/bulletin.html\"><em>Bulletin<\/em><\/a>).<\/p>\n<p>ARTEMOC ayant ferm\u00e9, nous vous invitons d\u00e9sormais \u00e0 consulter le site d\u2019ALIUS pour vous tenir au courant de nos activit\u00e9s.<\/p>\n<p style=\"text-align: center;\"><a href=\"http:\/\/aliusresearch.org\">ACCEDER AU SITE ALIUS<\/a><\/p>\n<\/div>\n","protected":false},"excerpt":{"rendered":"<p>Les \u00e9tats modifi\u00e9s de conscience (EMCs) ont depuis longtemps intrigu\u00e9 philosophes, chercheurs en sciences sociales et scientifiques. La connaissance que nous avons aujourd\u2019hui de ces&#8230;<\/p>\n","protected":false},"author":1,"featured_media":0,"parent":0,"menu_order":0,"comment_status":"closed","ping_status":"closed","template":"page-template-fullwidth.php","meta":{"spay_email":""},"jetpack_sharing_enabled":true,"jetpack_shortlink":"https:\/\/wp.me\/P7QpIM-2","jetpack-related-posts":[{"id":531,"url":"https:\/\/artemoc.scicog.fr\/?page_id=531","url_meta":{"origin":2,"position":0},"title":"Atelier 2016","date":"29\/01\/2018","format":false,"excerpt":"Mardi 13 septembre, ARTEMOC fait sa rentr\u00e9e avec une Journ\u00e9e d'\u00c9tudes \u00e0 l'\u00c9cole Normale Sup\u00e9rieure organis\u00e9e par Juan Gonzalez, David Dupuis, Rapha\u00ebl Milli\u00e8re, Guillaume Dumas et Martin Fortier 9h-13h (s\u00e9ance ferm\u00e9e): Rencontre des membres de l'associaton et expos\u00e9 d\u2019int\u00e9r\u00eats\/travaux individuels. 13h-14h30: D\u00e9jeuner 14h30-16h (s\u00e9ance ouverte): Table Ronde: \u201cPerception et hallucination:\u2026","rel":"","context":"Similar post","img":{"alt_text":"","src":"","width":0,"height":0},"classes":[]},{"id":413,"url":"https:\/\/artemoc.scicog.fr\/?page_id=413","url_meta":{"origin":2,"position":1},"title":"Colloque 2015","date":"02\/07\/2015","format":false,"excerpt":"Argument Le concept d\u2019hallucination et celui d\u2019\u00e9tat modifi\u00e9 de conscience sont utilis\u00e9s \u00e0 travers de nombreuses disciplines afin de d\u00e9signer un ensemble d\u2019exp\u00e9riences subjectives, de processus mentaux et de comportements auxquels se trouvent confront\u00e9s psychologues, psychiatres, neuroscientifiques, anthropologues ou encore philosophes. De nombreuses voix se sont toutefois \u00e9lev\u00e9es pour mettre\u2026","rel":"","context":"Similar post","img":{"alt_text":"","src":"https:\/\/i2.wp.com\/artemoc.scicog.fr\/wp-content\/uploads\/2015\/07\/Affiche_Colloque_ARTEMOC_2015_LD1-724x1024.jpg?resize=350%2C200","width":350,"height":200},"classes":[]},{"id":47,"url":"https:\/\/artemoc.scicog.fr\/?page_id=47","url_meta":{"origin":2,"position":2},"title":"Colloque 2009","date":"25\/10\/2012","format":false,"excerpt":"Pr\u00e9sentation Pour cette deuxi\u00e8me \u00e9dition du Colloque de printemps sur les hallucinations et les \u00e9tats modifi\u00e9s de conscience (Paris, 8-11 avril 2009), nous avons con\u00e7u un programme qui capitalise les efforts et les r\u00e9sultats des manifestations pr\u00e9c\u00e9dentes, mais qui ouvre aussi sur de nouveaux champs de recherche concernant les \u00e9tats\u2026","rel":"","context":"Similar post","img":{"alt_text":"","src":"","width":0,"height":0},"classes":[]},{"id":236,"url":"https:\/\/artemoc.scicog.fr\/?page_id=236","url_meta":{"origin":2,"position":3},"title":"Colloque 2008","date":"04\/11\/2012","format":false,"excerpt":"Pr\u00e9sentation Le 1er Colloque de Printemps sur les Hallucinations dans la Philosophie et les Sciences Cognitives s'est tenu du 26 au 29\u00a0 mars 2008, \u00e0\u00a0 Paris. Ce fut un effort collectif non subventionn\u00e9, qui a pu avoir lieu gr\u00e2ce au travail\u00a0 b\u00e9n\u00e9vole de plusieurs volontaires et institutions. Le programme a\u2026","rel":"","context":"Similar post","img":{"alt_text":"","src":"https:\/\/i1.wp.com\/artemoc.scicog.fr\/wp-content\/uploads\/2012\/11\/Colloque2008.jpg?resize=350%2C200","width":350,"height":200},"classes":[]},{"id":536,"url":"https:\/\/artemoc.scicog.fr\/?page_id=536","url_meta":{"origin":2,"position":4},"title":"Archive - Pr\u00e9sentation ARTEMOC","date":"29\/01\/2018","format":false,"excerpt":"Pr\u00e9sentation ARTEMOC est une association fond\u00e9e en 2007, \u00e0 Paris, dans le but de porter un regard transdiciplinaire, critique et rigoureux sur les ph\u00e9nom\u00e8nes de modification de la conscience et de la cognition dites \u2018ordinaires\u2019. L\u2019association a donc naturellement r\u00e9uni au fils des ann\u00e9es des chercheurs et d\u2019autres personnes appartenant\u2026","rel":"","context":"Similar post","img":{"alt_text":"","src":"","width":0,"height":0},"classes":[]},{"id":14,"url":"https:\/\/artemoc.scicog.fr\/?page_id=14","url_meta":{"origin":2,"position":5},"title":"Ateliers 2007","date":"25\/10\/2012","format":false,"excerpt":"Pr\u00e9sentation Les ateliers 2007 ont \u00e9t\u00e9 la continuation du s\u00e9minaire 2006, qui a abord\u00e9 l\u2019exp\u00e9rience hallucinatoire dans un contexte transdisciplinaire afin de : 1) mieux comprendre sa ph\u00e9nom\u00e9nologie concomitante pr\u00e9cise; 2) \u00e9valuer la validit\u00e9 des arguments \u00e9pist\u00e9mologiques et le bien-fond\u00e9 de certaines postures dans la Th\u00e9orie de la Perception; 3)\u2026","rel":"","context":"Similar post","img":{"alt_text":"","src":"","width":0,"height":0},"classes":[]}],"_links":{"self":[{"href":"https:\/\/artemoc.scicog.fr\/index.php?rest_route=\/wp\/v2\/pages\/2"}],"collection":[{"href":"https:\/\/artemoc.scicog.fr\/index.php?rest_route=\/wp\/v2\/pages"}],"about":[{"href":"https:\/\/artemoc.scicog.fr\/index.php?rest_route=\/wp\/v2\/types\/page"}],"author":[{"embeddable":true,"href":"https:\/\/artemoc.scicog.fr\/index.php?rest_route=\/wp\/v2\/users\/1"}],"replies":[{"embeddable":true,"href":"https:\/\/artemoc.scicog.fr\/index.php?rest_route=%2Fwp%2Fv2%2Fcomments&post=2"}],"version-history":[{"count":66,"href":"https:\/\/artemoc.scicog.fr\/index.php?rest_route=\/wp\/v2\/pages\/2\/revisions"}],"predecessor-version":[{"id":544,"href":"https:\/\/artemoc.scicog.fr\/index.php?rest_route=\/wp\/v2\/pages\/2\/revisions\/544"}],"wp:attachment":[{"href":"https:\/\/artemoc.scicog.fr\/index.php?rest_route=%2Fwp%2Fv2%2Fmedia&parent=2"}],"curies":[{"name":"wp","href":"https:\/\/api.w.org\/{rel}","templated":true}]}}